{"id":2958,"date":"2025-12-03T13:31:42","date_gmt":"2025-12-03T12:31:42","guid":{"rendered":"https:\/\/www.ice-mountain.com\/?page_id=2958"},"modified":"2026-03-30T15:24:44","modified_gmt":"2026-03-30T13:24:44","slug":"events","status":"publish","type":"page","link":"https:\/\/www.ice-mountain.com\/fr\/events\/","title":{"rendered":"Events"},"content":{"rendered":"<div class=\"wpb-content-wrapper\">[vc_row full_width=\u00a0\u00bbstretch_row\u00a0\u00bb parallax=\u00a0\u00bbcontent-moving\u00a0\u00bb parallax_image=\u00a0\u00bb32&Prime; typography_style=\u00a0\u00bbwhite\u00a0\u00bb el_class=\u00a0\u00bbvideo-row\u00a0\u00bb wpex_bg_overlay=\u00a0\u00bbdark\u00a0\u00bb wpex_bg_overlay_opacity=\u00a0\u00bb30%\u00a0\u00bb][vc_column]<style>.vcex-heading.vcex_69e533f9e8060{font-size:var(--wpex-text-5xl);font-weight:900;font-style:italic;text-transform:uppercase;line-height:1em;}<\/style><div class=\"vcex-heading vcex-heading-plain vcex-module wpex-heading wpex-text-2xl wpex-div wpex-text-center vcex_69e533f9e8060\"><span class=\"vcex-heading-inner wpex-inline-block\">D\u00e9couvrez nos prochains<\/span><\/div><style>.vcex-heading.vcex_69e533f9e8722{color:#ffffffbd;font-size:var(--wpex-text-7xl);font-weight:900;font-style:italic;text-transform:uppercase;line-height:0.8em;}<\/style><div class=\"vcex-heading vcex-heading-plain vcex-module wpex-heading wpex-text-2xl wpex-div wpex-text-center vcex_69e533f9e8722\"><span class=\"vcex-heading-inner wpex-inline-block\">\u00c9v\u00e9nements<\/span><\/div><div class=\"vcex-spacing wpex-w-100 wpex-clear\"><\/div>[vc_column_text css=\u00a0\u00bb\u00a0\u00bb text_align=\u00a0\u00bbcenter\u00a0\u00bb font_weight=\u00a0\u00bb500&Prime; font_size=\u00a0\u00bblg\u00a0\u00bb]D\u00e9couvrez les \u00e9v\u00e9nements sp\u00e9ciaux et les exp\u00e9riences que nous organisons. Des d\u00e9fis sportifs aux \u00e9v\u00e9nements saisonniers : cet aper\u00e7u vous tient toujours au courant de ce qui est pr\u00e9vu prochainement. Laissez-vous inspirer et venez vivre l&rsquo;exp\u00e9rience ![\/vc_column_text][\/vc_column][\/vc_row][vc_row][vc_column]<div class=\"wpex-post-cards wpex-post-cards-template_2112 wpex-relative\"><div class=\"wpex-post-cards-inner\"><div class=\"wpex-post-cards-loop wpex-post-cards-grid wpex-row wpex-clr\"><div class=\"wpex-post-cards-entry col col-1 span_1_of_3 post-1837 type-events\"><div class=\"wpex-card wpex-card-template_2112 news-card\"><a href=\"https:\/\/www.ice-mountain.com\/fr\/events\/kids-day-2026\/\" aria-label=\"Kids Day 2026\" class=\"wpex-card-inner wpex-no-underline wpex-inherit-color\"><div class=\"vc_row wpb_row vc_row-fluid wpex-relative wpex-vc_row-col-mb-0\" style=\"background-size:cover!important;\"><div class=\"wpb_column vc_column_container vc_col-sm-12\"><div class=\"vc_column-inner\"><div class=\"wpb_wrapper\"><figure class=\"vcex-image vcex-module\"><div class=\"vcex-image-inner wpex-relative wpex-inline-block\"><img width=\"1920\" height=\"1080\" src=\"https:\/\/www.ice-mountain.com\/wp-content\/uploads\/2026\/03\/526bc7cb-3b94-4384-89b0-11ddfe2cc7ed.png\" class=\"vcex-image-img wpex-align-middle wpex-aspect-16-9 wpex-object-cover\" alt=\"\" loading=\"lazy\" decoding=\"async\" srcset=\"https:\/\/www.ice-mountain.com\/wp-content\/uploads\/2026\/03\/526bc7cb-3b94-4384-89b0-11ddfe2cc7ed.png 1920w, https:\/\/www.ice-mountain.com\/wp-content\/uploads\/2026\/03\/526bc7cb-3b94-4384-89b0-11ddfe2cc7ed-300x169.png 300w, https:\/\/www.ice-mountain.com\/wp-content\/uploads\/2026\/03\/526bc7cb-3b94-4384-89b0-11ddfe2cc7ed-1024x576.png 1024w, https:\/\/www.ice-mountain.com\/wp-content\/uploads\/2026\/03\/526bc7cb-3b94-4384-89b0-11ddfe2cc7ed-768x432.png 768w, https:\/\/www.ice-mountain.com\/wp-content\/uploads\/2026\/03\/526bc7cb-3b94-4384-89b0-11ddfe2cc7ed-1536x864.png 1536w\" sizes=\"auto, (max-width: 1920px) 100vw, 1920px\" \/><\/div><\/figure><h3 class=\"vcex-heading vcex-heading-plain vcex-module wpex-heading wpex-text-2xl wpex-h3 wpex-mt-10 wpex-mb-10 wpex-text-center promo-title\"><span class=\"vcex-heading-inner wpex-inline-block\">Kids Day 2026<\/span><\/h3><div class=\"vcex-post-excerpt vcex-module wpex-text-pretty wpex-last-mb-0 wpex-text-center wpex-mb-20\"><p>\ud83c\udf1e\u26f0\ufe0f KIDS DAY \u2013 Un \u00e9t\u00e9 \u00e0 la montagne\u2026 Le&hellip;<\/p>\n<\/div><\/div><\/div><\/div><\/div><\/a><\/div><\/div><\/div><\/div><\/div>[\/vc_column][\/vc_row][vc_row][vc_column]<div class=\"wpex-template-shortcode\"><div class=\"vc_row wpb_row vc_row-fluid cta-container wpex-relative\"><div class=\"wpb_column vc_column_container vc_col-sm-12\"><div class=\"vc_column-inner\"><div class=\"wpb_wrapper\"><div class=\"wpex-post-cards wpex-post-cards-post-content_1 wpex-relative\"><div class=\"wpex-post-cards-inner\"><\/div><\/div><\/div><\/div><\/div><\/div>\n<\/div>[\/vc_column][\/vc_row]\n<\/div>","protected":false},"excerpt":{"rendered":"\ud83c\udf1e\u26f0\ufe0f KIDS DAY \u2013 Un \u00e9t\u00e9 \u00e0 la montagne\u2026 Le samedi 30 mai de 10h \u00e0 17h, offrez \u00e0 vos enfants une journ\u00e9e hors du commun \u00e0 Ice Mountain Adventure Park\u2026 \u00e0 prix exceptionnel \ud83c\udf89 Pour cette journ\u00e9e unique, profitez d\u2019activit\u00e9s \u00e0 tarifs sp\u00e9cialement r\u00e9duits, avec encore plus de fun au programme : \u26f7\ufe0f Ski&hellip;","protected":false},"author":1,"featured_media":0,"parent":0,"menu_order":10,"comment_status":"closed","ping_status":"open","template":"","meta":{"_acf_changed":false,"_analytify_skip_tracking":false,"footnotes":""},"class_list":["post-2958","page","type-page","status-publish","hentry","entry","has-media"],"acf":[],"_links":{"self":[{"href":"https:\/\/www.ice-mountain.com\/fr\/wp-json\/wp\/v2\/pages\/2958","targetHints":{"allow":["GET"]}}],"collection":[{"href":"https:\/\/www.ice-mountain.com\/fr\/wp-json\/wp\/v2\/pages"}],"about":[{"href":"https:\/\/www.ice-mountain.com\/fr\/wp-json\/wp\/v2\/types\/page"}],"author":[{"embeddable":true,"href":"https:\/\/www.ice-mountain.com\/fr\/wp-json\/wp\/v2\/users\/1"}],"replies":[{"embeddable":true,"href":"https:\/\/www.ice-mountain.com\/fr\/wp-json\/wp\/v2\/comments?post=2958"}],"version-history":[{"count":5,"href":"https:\/\/www.ice-mountain.com\/fr\/wp-json\/wp\/v2\/pages\/2958\/revisions"}],"predecessor-version":[{"id":3830,"href":"https:\/\/www.ice-mountain.com\/fr\/wp-json\/wp\/v2\/pages\/2958\/revisions\/3830"}],"wp:attachment":[{"href":"https:\/\/www.ice-mountain.com\/fr\/wp-json\/wp\/v2\/media?parent=2958"}],"curies":[{"name":"wp","href":"https:\/\/api.w.org\/{rel}","templated":true}]}}