{"id":2943,"date":"2025-12-03T13:13:12","date_gmt":"2025-12-03T12:13:12","guid":{"rendered":"https:\/\/www.ice-mountain.com\/?page_id=2943"},"modified":"2026-03-30T15:24:09","modified_gmt":"2026-03-30T13:24:09","slug":"actualites","status":"publish","type":"page","link":"https:\/\/www.ice-mountain.com\/fr\/actualites\/","title":{"rendered":"Actualit\u00e9s"},"content":{"rendered":"<div class=\"wpb-content-wrapper\">[vc_row full_width=\u00a0\u00bbstretch_row\u00a0\u00bb parallax=\u00a0\u00bbcontent-moving\u00a0\u00bb parallax_image=\u00a0\u00bb32&Prime; typography_style=\u00a0\u00bbwhite\u00a0\u00bb el_class=\u00a0\u00bbvideo-row\u00a0\u00bb wpex_bg_overlay=\u00a0\u00bbdark\u00a0\u00bb wpex_bg_overlay_opacity=\u00a0\u00bb30%\u00a0\u00bb][vc_column]<style>.vcex-heading.vcex_69e535be5664d{font-size:var(--wpex-text-5xl);font-weight:900;font-style:italic;text-transform:uppercase;line-height:1em;}<\/style><div class=\"vcex-heading vcex-heading-plain vcex-module wpex-heading wpex-text-2xl wpex-div wpex-text-center vcex_69e535be5664d\"><span class=\"vcex-heading-inner wpex-inline-block\">D\u00e9couvrez ici nos derni\u00e8res nouveaut\u00e9s<\/span><\/div><style>.vcex-heading.vcex_69e535be56b80{color:#ffffffbd;font-size:var(--wpex-text-7xl);font-weight:900;font-style:italic;text-transform:uppercase;line-height:0.8em;}<\/style><div class=\"vcex-heading vcex-heading-plain vcex-module wpex-heading wpex-text-2xl wpex-div wpex-text-center vcex_69e535be56b80\"><span class=\"vcex-heading-inner wpex-inline-block\">Actualit\u00e9s<\/span><\/div><div class=\"vcex-spacing wpex-w-100 wpex-clear\"><\/div>[vc_column_text css=\u00a0\u00bb\u00a0\u00bb text_align=\u00a0\u00bbcenter\u00a0\u00bb font_weight=\u00a0\u00bb500&Prime; font_size=\u00a0\u00bblg\u00a0\u00bb]Nous vous tenons ici inform\u00e9 de tout ce qui se passe au sein de notre entreprise et dans le monde qui l&rsquo;entoure. Des lancements de produits et mises \u00e0 jour techniques aux t\u00e9moignages inspirants de clients et informations sur le secteur : voici votre source unique pour les derni\u00e8res actualit\u00e9s, des faits int\u00e9ressants et des annonces importantes. Consultez-la r\u00e9guli\u00e8rement, vous ne savez jamais ce que vous allez y d\u00e9couvrir. Bonne lecture ![\/vc_column_text][\/vc_column][\/vc_row][vc_row][vc_column]<div class=\"wpex-post-cards wpex-post-cards-template_2112 wpex-relative\"><div class=\"wpex-post-cards-inner\"><div class=\"wpex-post-cards-loop wpex-post-cards-grid wpex-row wpex-clr\"><div class=\"wpex-post-cards-entry col col-1 span_1_of_3 post-1863 type-post cat-74 translation_priority-65\"><div class=\"wpex-card wpex-card-template_2112 news-card\"><a href=\"https:\/\/www.ice-mountain.com\/fr\/comment-se-deroule-un-cours-pour-debutants\/\" aria-label=\"Comment se d\u00e9roule un cours pour d\u00e9butants ?\" class=\"wpex-card-inner wpex-no-underline wpex-inherit-color\"><div class=\"vc_row wpb_row vc_row-fluid wpex-relative wpex-vc_row-col-mb-0\" style=\"background-size:cover!important;\"><div class=\"wpb_column vc_column_container vc_col-sm-12\"><div class=\"vc_column-inner\"><div class=\"wpb_wrapper\"><figure class=\"vcex-image vcex-module\"><div class=\"vcex-image-inner wpex-relative wpex-inline-block\"><img width=\"1920\" height=\"1080\" src=\"https:\/\/www.ice-mountain.com\/wp-content\/uploads\/2025\/10\/9.avif\" class=\"vcex-image-img wpex-align-middle wpex-aspect-16-9 wpex-object-cover\" alt=\"\" loading=\"lazy\" decoding=\"async\" \/><\/div><\/figure><h3 class=\"vcex-heading vcex-heading-plain vcex-module wpex-heading wpex-text-2xl wpex-h3 wpex-mt-10 wpex-mb-10 wpex-text-center promo-title\"><span class=\"vcex-heading-inner wpex-inline-block\">Comment se d\u00e9roule un cours pour d\u00e9butants ?<\/span><\/h3><div class=\"vcex-post-excerpt vcex-module wpex-text-pretty wpex-last-mb-0 wpex-text-center wpex-mb-20\"><p>Vous avez toujours r\u00eav\u00e9 de descendre sans effort et en&hellip;<\/p>\n<\/div><\/div><\/div><\/div><\/div><\/a><\/div><\/div><div class=\"wpex-post-cards-entry col col-2 span_1_of_3 post-1859 type-post cat-74 translation_priority-65\"><div class=\"wpex-card wpex-card-template_2112 news-card\"><a href=\"https:\/\/www.ice-mountain.com\/fr\/bornes-de-recharge\/\" aria-label=\"Bornes de recharge\" class=\"wpex-card-inner wpex-no-underline wpex-inherit-color\"><div class=\"vc_row wpb_row vc_row-fluid wpex-relative wpex-vc_row-col-mb-0\" style=\"background-size:cover!important;\"><div class=\"wpb_column vc_column_container vc_col-sm-12\"><div class=\"vc_column-inner\"><div class=\"wpb_wrapper\"><figure class=\"vcex-image vcex-module\"><div class=\"vcex-image-inner wpex-relative wpex-inline-block\"><img width=\"1920\" height=\"1080\" src=\"https:\/\/www.ice-mountain.com\/wp-content\/uploads\/2025\/10\/7.avif\" class=\"vcex-image-img wpex-align-middle wpex-aspect-16-9 wpex-object-cover\" alt=\"\" loading=\"lazy\" decoding=\"async\" \/><\/div><\/figure><h3 class=\"vcex-heading vcex-heading-plain vcex-module wpex-heading wpex-text-2xl wpex-h3 wpex-mt-10 wpex-mb-10 wpex-text-center promo-title\"><span class=\"vcex-heading-inner wpex-inline-block\">Bornes de recharge<\/span><\/h3><div class=\"vcex-post-excerpt vcex-module wpex-text-pretty wpex-last-mb-0 wpex-text-center wpex-mb-20\"><p>Sur le parking, il y a de bonnes nouvelles pour&hellip;<\/p>\n<\/div><\/div><\/div><\/div><\/div><\/a><\/div><\/div><div class=\"wpex-post-cards-entry col col-3 span_1_of_3 post-1833 type-post cat-74 translation_priority-65\"><div class=\"wpex-card wpex-card-template_2112 news-card\"><a href=\"https:\/\/www.ice-mountain.com\/fr\/meilleurs-snowparks-deurope\/\" aria-label=\"Meilleurs snowparks d&rsquo;Europe\" class=\"wpex-card-inner wpex-no-underline wpex-inherit-color\"><div class=\"vc_row wpb_row vc_row-fluid wpex-relative wpex-vc_row-col-mb-0\" style=\"background-size:cover!important;\"><div class=\"wpb_column vc_column_container vc_col-sm-12\"><div class=\"vc_column-inner\"><div class=\"wpb_wrapper\"><figure class=\"vcex-image vcex-module\"><div class=\"vcex-image-inner wpex-relative wpex-inline-block\"><img width=\"1280\" height=\"720\" src=\"https:\/\/www.ice-mountain.com\/wp-content\/uploads\/revslider\/video-media\/681b73ecf9aa5462687e037c_681cbc8de4fe47f8928e150e_7031222_View_Mountain_1280x720-transcode_1.avif\" class=\"vcex-image-img wpex-align-middle wpex-aspect-16-9 wpex-object-cover\" alt=\"\" loading=\"lazy\" decoding=\"async\" \/><\/div><\/figure><h3 class=\"vcex-heading vcex-heading-plain vcex-module wpex-heading wpex-text-2xl wpex-h3 wpex-mt-10 wpex-mb-10 wpex-text-center promo-title\"><span class=\"vcex-heading-inner wpex-inline-block\">Meilleurs snowparks d&rsquo;Europe<\/span><\/h3><div class=\"vcex-post-excerpt vcex-module wpex-text-pretty wpex-last-mb-0 wpex-text-center wpex-mb-20\"><p>Ceux qui sont d\u00e9j\u00e0 all\u00e9s skier ou faire du snowboard&hellip;<\/p>\n<\/div><\/div><\/div><\/div><\/div><\/a><\/div><\/div><div class=\"wpex-post-cards-entry col col-1 span_1_of_3 post-1855 type-post cat-74\"><div class=\"wpex-card wpex-card-template_2112 news-card\"><a href=\"https:\/\/www.ice-mountain.com\/fr\/comment-nous-faisons-la-neige-%e2%9d%84%ef%b8%8f%e2%9d%84%ef%b8%8f%e2%9d%84%ef%b8%8f\/\" aria-label=\"Comment nous faisons la neige \u2744\ufe0f\u2744\ufe0f\u2744\ufe0f\" class=\"wpex-card-inner wpex-no-underline wpex-inherit-color\"><div class=\"vc_row wpb_row vc_row-fluid wpex-relative wpex-vc_row-col-mb-0\" style=\"background-size:cover!important;\"><div class=\"wpb_column vc_column_container vc_col-sm-12\"><div class=\"vc_column-inner\"><div class=\"wpb_wrapper\"><figure class=\"vcex-image vcex-module\"><div class=\"vcex-image-inner wpex-relative wpex-inline-block\"><img width=\"1000\" height=\"563\" src=\"https:\/\/www.ice-mountain.com\/wp-content\/uploads\/2025\/11\/snow-gun-spraying-artificial-ice-crystals-ski-piste-snowmaking-winter-sports-resort-trees-background-1.avif\" class=\"vcex-image-img wpex-align-middle wpex-aspect-16-9 wpex-object-cover\" alt=\"\" loading=\"lazy\" decoding=\"async\" \/><\/div><\/figure><h3 class=\"vcex-heading vcex-heading-plain vcex-module wpex-heading wpex-text-2xl wpex-h3 wpex-mt-10 wpex-mb-10 wpex-text-center promo-title\"><span class=\"vcex-heading-inner wpex-inline-block\">Comment nous faisons la neige \u2744\ufe0f\u2744\ufe0f\u2744\ufe0f<\/span><\/h3><div class=\"vcex-post-excerpt vcex-module wpex-text-pretty wpex-last-mb-0 wpex-text-center wpex-mb-20\"><p>Nous avons 6 canons \u00e0 neige r\u00e9partis sur nos 2&hellip;<\/p>\n<\/div><\/div><\/div><\/div><\/div><\/a><\/div><\/div><\/div><\/div><\/div>[\/vc_column][\/vc_row][vc_row][vc_column]<div class=\"wpex-template-shortcode\"><div class=\"vc_row wpb_row vc_row-fluid cta-container wpex-relative\"><div class=\"wpb_column vc_column_container vc_col-sm-12\"><div class=\"vc_column-inner\"><div class=\"wpb_wrapper\"><div class=\"wpex-post-cards wpex-post-cards-post-content_1 wpex-relative\"><div class=\"wpex-post-cards-inner\"><\/div><\/div><\/div><\/div><\/div><\/div>\n<\/div>[\/vc_column][\/vc_row]\n<\/div>","protected":false},"excerpt":{"rendered":"Nous avons 6 canons \u00e0 neige r\u00e9partis sur nos 2 pistes avec lesquels nous produisons chaque ann\u00e9e de la vraie neige fra\u00eeche. Un canon \u00e0 neige fonctionne en fait tr\u00e8s simplement. Nous pulv\u00e9risons de l'eau et de l'air comprim\u00e9 sur la piste glac\u00e9e (-6\u00b0C) et l'eau se transforme en neige en une fraction de seconde.&hellip;","protected":false},"author":1,"featured_media":0,"parent":0,"menu_order":10,"comment_status":"closed","ping_status":"open","template":"","meta":{"_acf_changed":false,"_analytify_skip_tracking":false,"footnotes":""},"class_list":["post-2943","page","type-page","status-publish","hentry","entry","has-media"],"acf":[],"_links":{"self":[{"href":"https:\/\/www.ice-mountain.com\/fr\/wp-json\/wp\/v2\/pages\/2943","targetHints":{"allow":["GET"]}}],"collection":[{"href":"https:\/\/www.ice-mountain.com\/fr\/wp-json\/wp\/v2\/pages"}],"about":[{"href":"https:\/\/www.ice-mountain.com\/fr\/wp-json\/wp\/v2\/types\/page"}],"author":[{"embeddable":true,"href":"https:\/\/www.ice-mountain.com\/fr\/wp-json\/wp\/v2\/users\/1"}],"replies":[{"embeddable":true,"href":"https:\/\/www.ice-mountain.com\/fr\/wp-json\/wp\/v2\/comments?post=2943"}],"version-history":[{"count":5,"href":"https:\/\/www.ice-mountain.com\/fr\/wp-json\/wp\/v2\/pages\/2943\/revisions"}],"predecessor-version":[{"id":3829,"href":"https:\/\/www.ice-mountain.com\/fr\/wp-json\/wp\/v2\/pages\/2943\/revisions\/3829"}],"wp:attachment":[{"href":"https:\/\/www.ice-mountain.com\/fr\/wp-json\/wp\/v2\/media?parent=2943"}],"curies":[{"name":"wp","href":"https:\/\/api.w.org\/{rel}","templated":true}]}}