{"id":1903,"date":"2025-10-13T10:58:09","date_gmt":"2025-10-13T08:58:09","guid":{"rendered":"https:\/\/icemou-27992.maja-ams.servebolt.cloud\/promotions\/"},"modified":"2026-02-11T11:16:57","modified_gmt":"2026-02-11T10:16:57","slug":"promotions","status":"publish","type":"page","link":"https:\/\/www.ice-mountain.com\/fr\/promotions\/","title":{"rendered":"Promotions"},"content":{"rendered":"<div class=\"wpb-content-wrapper\">[vc_row full_width=\u00a0\u00bbstretch_row\u00a0\u00bb parallax=\u00a0\u00bbcontent-moving\u00a0\u00bb parallax_image=\u00a0\u00bb32&Prime; typography_style=\u00a0\u00bbwhite\u00a0\u00bb el_class=\u00a0\u00bbvideo-row\u00a0\u00bb wpex_bg_overlay=\u00a0\u00bbdark\u00a0\u00bb wpex_bg_overlay_opacity=\u00a0\u00bb30%\u00a0\u00bb][vc_column]<style>.vcex-heading.vcex_69e535451f5db{font-size:var(--wpex-text-5xl);font-weight:900;font-style:italic;text-transform:uppercase;line-height:1em;}<\/style><div class=\"vcex-heading vcex-heading-plain vcex-module wpex-heading wpex-text-2xl wpex-div wpex-text-center vcex_69e535451f5db\"><span class=\"vcex-heading-inner wpex-inline-block\">D\u00c9COUVREZ NOS<\/span><\/div><style>.vcex-heading.vcex_69e535451fb8a{color:#ffffffbd;font-size:var(--wpex-text-7xl);font-weight:900;font-style:italic;text-transform:uppercase;line-height:0.8em;}<\/style><div class=\"vcex-heading vcex-heading-plain vcex-module wpex-heading wpex-text-2xl wpex-div wpex-text-center vcex_69e535451fb8a\"><span class=\"vcex-heading-inner wpex-inline-block\">Promotions<\/span><\/div><div class=\"vcex-spacing wpex-w-100 wpex-clear\"><\/div>[vc_column_text css=\u00a0\u00bb\u00a0\u00bb text_align=\u00a0\u00bbcenter\u00a0\u00bb font_weight=\u00a0\u00bb500&Prime; font_size=\u00a0\u00bblg\u00a0\u00bb]\n<div class=\"subtext\">\n<p data-start=\"254\" data-end=\"537\">D\u00e9couvrez nos derni\u00e8res promos et saisissez votre chance pour des exp\u00e9riences inoubliables dans la neige, sur la glace ou dans les airs&#8230;<\/p>\n<\/div>\n[\/vc_column_text][\/vc_column][\/vc_row][vc_row][vc_column]<div class=\"wpex-post-cards wpex-post-cards-template_277 wpex-relative\"><div class=\"wpex-post-cards-inner\"><div class=\"wpex-post-cards-loop wpex-post-cards-grid wpex-row wpex-clr\"><div class=\"wpex-post-cards-entry col col-1 span_1_of_3 post-2087 type-promotions adventure_type-84 adventure_type-85\"><div class=\"wpex-card wpex-card-template_277 promo-card\"><a href=\"https:\/\/www.ice-mountain.com\/fr\/promotions\/sunday-deal\/\" aria-label=\"Sunday Deal\" class=\"wpex-card-inner wpex-no-underline wpex-inherit-color\"><div class=\"vc_row wpb_row vc_row-fluid wpex-relative wpex-vc_row-col-mb-0\" style=\"background-size:cover!important;\"><div class=\"wpb_column vc_column_container vc_col-sm-12\"><div class=\"vc_column-inner\"><div class=\"wpb_wrapper\"><figure class=\"vcex-image vcex-module\"><div class=\"vcex-image-inner wpex-relative wpex-inline-block\"><img width=\"1920\" height=\"1080\" src=\"https:\/\/www.ice-mountain.com\/wp-content\/uploads\/2025\/10\/169-1.avif\" class=\"vcex-image-img wpex-align-middle wpex-aspect-16-9 wpex-object-cover\" alt=\"\" loading=\"lazy\" decoding=\"async\" \/><\/div><\/figure><style>.vcex-heading.vcex_69e5354522916{font-size:var(--wpex-text-lg);font-weight:400;}<\/style><h3 class=\"vcex-heading vcex-heading-plain vcex-module wpex-heading wpex-text-2xl wpex-h3 wpex-mt-20 wpex-text-center promo-subtitle vcex_69e5354522916\"><span class=\"vcex-heading-inner wpex-inline-block\">DEAL Neige<\/span><\/h3><h3 class=\"vcex-heading vcex-heading-plain vcex-module wpex-heading wpex-text-2xl wpex-h3 wpex-mt-10 wpex-mb-10 wpex-text-center promo-title\"><span class=\"vcex-heading-inner wpex-inline-block\">Sunday Deal<\/span><\/h3><h3 class=\"vcex-heading vcex-heading-plain vcex-module wpex-heading wpex-text-2xl wpex-h3 wpex-mb-20 wpex-text-center promo-price\"><span class=\"vcex-heading-inner wpex-inline-block\">\u20ac45<\/span><\/h3><\/div><\/div><\/div><\/div><\/a><\/div><\/div><\/div><\/div><\/div>[\/vc_column][\/vc_row][vc_row][vc_column]<div class=\"wpex-template-shortcode\"><div class=\"vc_row wpb_row vc_row-fluid cta-container wpex-relative\"><div class=\"wpb_column vc_column_container vc_col-sm-12\"><div class=\"vc_column-inner\"><div class=\"wpb_wrapper\"><div class=\"wpex-post-cards wpex-post-cards-post-content_1 wpex-relative\"><div class=\"wpex-post-cards-inner\"><\/div><\/div><\/div><\/div><\/div><\/div>\n<\/div>[\/vc_column][\/vc_row]\n<\/div>","protected":false},"excerpt":{"rendered":"\ud83c\udfbf Sunday Deals : Neige &amp; Gourmandise ! \ud83c\udf5d\ud83e\uddc0 Terminez votre semaine en beaut\u00e9 avec nos formules Sunday Deal combinant les plaisirs de la glisse et de la bonne cuisine. Deux options s'offrent \u00e0 vous, chaque dimanche, de 17h \u00e0 22h. 1. \ud83c\udf7d\ufe0f Sunday Deal Classique : Ski &amp; Spaghetti L'Activit\u00e9 : 2 heures de&hellip;","protected":false},"author":1,"featured_media":0,"parent":0,"menu_order":10,"comment_status":"closed","ping_status":"open","template":"","meta":{"_acf_changed":false,"_analytify_skip_tracking":false,"footnotes":""},"class_list":["post-1903","page","type-page","status-publish","hentry","entry","has-media"],"acf":[],"_links":{"self":[{"href":"https:\/\/www.ice-mountain.com\/fr\/wp-json\/wp\/v2\/pages\/1903","targetHints":{"allow":["GET"]}}],"collection":[{"href":"https:\/\/www.ice-mountain.com\/fr\/wp-json\/wp\/v2\/pages"}],"about":[{"href":"https:\/\/www.ice-mountain.com\/fr\/wp-json\/wp\/v2\/types\/page"}],"author":[{"embeddable":true,"href":"https:\/\/www.ice-mountain.com\/fr\/wp-json\/wp\/v2\/users\/1"}],"replies":[{"embeddable":true,"href":"https:\/\/www.ice-mountain.com\/fr\/wp-json\/wp\/v2\/comments?post=1903"}],"version-history":[{"count":5,"href":"https:\/\/www.ice-mountain.com\/fr\/wp-json\/wp\/v2\/pages\/1903\/revisions"}],"predecessor-version":[{"id":3715,"href":"https:\/\/www.ice-mountain.com\/fr\/wp-json\/wp\/v2\/pages\/1903\/revisions\/3715"}],"wp:attachment":[{"href":"https:\/\/www.ice-mountain.com\/fr\/wp-json\/wp\/v2\/media?parent=1903"}],"curies":[{"name":"wp","href":"https:\/\/api.w.org\/{rel}","templated":true}]}}