{"id":1848,"date":"2025-11-03T10:26:44","date_gmt":"2025-11-03T09:26:44","guid":{"rendered":"https:\/\/icemou-27992.maja-ams.servebolt.cloud\/camp-daventure-skydive\/"},"modified":"2026-01-28T14:22:37","modified_gmt":"2026-01-28T13:22:37","slug":"camp-daventure-skydive","status":"publish","type":"page","link":"https:\/\/www.ice-mountain.com\/fr\/groupes\/camps-sportifs\/camp-daventure-skydive\/","title":{"rendered":"Camp d&rsquo;Aventure Skydive"},"content":{"rendered":"<div class=\"wpb-content-wrapper\">[vc_row content_placement=\u00a0\u00bbmiddle\u00a0\u00bb equal_height=\u00a0\u00bbyes\u00a0\u00bb offset_overlay_header=\u00a0\u00bbyes\u00a0\u00bb typography_style=\u00a0\u00bbwhite\u00a0\u00bb][vc_column width=\u00a0\u00bb1\/2&Prime;]<style>.vcex-image.vcex_69d6ed4d705a5 .vcex-image-inner{max-width:650px;}.vcex-image.vcex_69d6ed4d705a5 .vcex-image-img{height:650px;}<\/style><figure class=\"vcex-image vcex-module vcex_69d6ed4d705a5\"><div class=\"vcex-image-inner wpex-relative wpex-inline-block\"><img width=\"1080\" height=\"1350\" src=\"https:\/\/www.ice-mountain.com\/wp-content\/uploads\/2025\/11\/24-1.png\" class=\"vcex-image-img wpex-align-middle wpex-object-cover\" alt=\"\" loading=\"lazy\" decoding=\"async\" srcset=\"https:\/\/www.ice-mountain.com\/wp-content\/uploads\/2025\/11\/24-1.png 1080w, https:\/\/www.ice-mountain.com\/wp-content\/uploads\/2025\/11\/24-1-240x300.png 240w, https:\/\/www.ice-mountain.com\/wp-content\/uploads\/2025\/11\/24-1-819x1024.png 819w, https:\/\/www.ice-mountain.com\/wp-content\/uploads\/2025\/11\/24-1-768x960.png 768w\" sizes=\"auto, (max-width: 1080px) 100vw, 1080px\" \/><\/div><\/figure>[\/vc_column][vc_column width=\u00a0\u00bb1\/2&Prime;]<style>.vcex-heading.vcex_69d6ed4d7136d{font-size:var(--wpex-text-5xl);}<\/style><h2 class=\"vcex-heading vcex-heading-plain vcex-module wpex-heading wpex-text-2xl wpex-h2 wpex-mb-30 vcex_69d6ed4d7136d\"><span class=\"vcex-heading-inner wpex-inline-block\">Pour les vrais casse-cous !<\/span><\/h2>[vc_column_text css=\u00a0\u00bb\u00a0\u00bb]\n<p data-start=\"216\" data-end=\"618\">C&rsquo;est LE camp pour les enfants qui aiment <strong data-start=\"261\" data-end=\"308\">l&rsquo;action, l&rsquo;aventure et la sensation de chute libre<\/strong> !<br data-start=\"309\" data-end=\"312\" \/>En plus du <strong data-start=\"318\" data-end=\"342\">ski ou snowboard<\/strong>, du <strong data-start=\"344\" data-end=\"362\">Kids Paintball<\/strong>, du <strong data-start=\"364\" data-end=\"378\">snowtubing<\/strong> et des <strong data-start=\"382\" data-end=\"399\">Outdoor Games<\/strong>, votre enfant goutera au <strong data-start=\"418\" data-end=\"437\">skydiving indoor<\/strong> et iras encore plus loin avec la <strong data-start=\"474\" data-end=\"493\">Skydive Academy<\/strong>.<br data-start=\"494\" data-end=\"497\" \/>L\u00e0, il aura <strong data-start=\"511\" data-end=\"536\">deux fois 10 vols<\/strong> avec un <strong data-start=\"545\" data-end=\"559\">coach priv\u00e9<\/strong>, pour vraiment apprendre le freefly !<br data-start=\"588\" data-end=\"591\" \/><strong data-start=\"594\" data-end=\"618\">Le d\u00e9jeuner est inclus.<\/strong><\/p>\n<p data-start=\"620\" data-end=\"849\">\ud83d\udcc5 <strong data-start=\"623\" data-end=\"635\">Quand ?<\/strong><br data-start=\"635\" data-end=\"638\" \/>Pendant les <strong data-start=\"649\" data-end=\"675\">vacances de P\u00e2ques et d&rsquo;\u00e9t\u00e9<\/strong> de Flandre<br data-start=\"690\" data-end=\"693\" \/><strong data-start=\"693\" data-end=\"702\">2026 :<\/strong> 6 &amp; 13 avril \u00b7 6, 13, 20, 27 juillet \u00b7 17, 24 ao\u00fbt<br data-start=\"761\" data-end=\"764\" \/><strong data-start=\"767\" data-end=\"779\">Lieu :<\/strong> Ice Mountain Adventure Park, Comines<br data-start=\"814\" data-end=\"817\" \/><strong data-start=\"820\" data-end=\"833\">\u00c2ge :<\/strong> \u00e0 partir de 10 ans<\/p>\n[\/vc_column_text][\/vc_column][\/vc_row][vc_row content_placement=\u00a0\u00bbmiddle\u00a0\u00bb equal_height=\u00a0\u00bbyes\u00a0\u00bb typography_style=\u00a0\u00bbwhite\u00a0\u00bb][vc_column width=\u00a0\u00bb1\/2&Prime;]<style>.vcex-heading.vcex_69d6ed4d71876{font-size:var(--wpex-text-5xl);}<\/style><h2 class=\"vcex-heading vcex-heading-plain vcex-module wpex-heading wpex-text-2xl wpex-h2 wpex-mb-30 vcex_69d6ed4d71876\"><span class=\"vcex-heading-inner wpex-inline-block\">\u00c0 quoi s'attendre ?<\/span><\/h2>[vc_column_text css=\u00a0\u00bb\u00a0\u00bb]\n<p data-start=\"1040\" data-end=\"1120\"><strong data-start=\"1040\" data-end=\"1057\">Activit\u00e9s :<\/strong><br data-start=\"1057\" data-end=\"1060\" \/>Tout ce qui est dans le <em data-start=\"1074\" data-end=\"1090\">Camp d&rsquo;Aventure<\/em> avec du skydiving indoor en plus :<\/p>\n<ul data-start=\"1121\" data-end=\"1302\">\n<li data-start=\"1121\" data-end=\"1182\">\n<p data-start=\"1123\" data-end=\"1182\">2 \u00d7 10 vols avec un coach priv\u00e9 via la Skydive Academy<\/p>\n<\/li>\n<li data-start=\"1183\" data-end=\"1243\">\n<p data-start=\"1185\" data-end=\"1243\">Votre enfant apprends \u00e0 voler de mani\u00e8re autonome sous encadrement professionnel<\/p>\n<\/li>\n<li data-start=\"1244\" data-end=\"1302\">\n<p data-start=\"1246\" data-end=\"1302\">Toutes les activit\u00e9s dans un environnement s\u00fbr et sportif<\/p>\n<\/li>\n<\/ul>\n<hr data-start=\"1304\" data-end=\"1307\" \/>\n<h3 data-start=\"1309\" data-end=\"1331\">\ud83d\uddd3\ufe0f Planning hebdomadaire<\/h3>\n<div class=\"_tableContainer_1rjym_1\">\n<div class=\"group _tableWrapper_1rjym_13 flex w-fit flex-col-reverse\" tabindex=\"-1\">\n<table class=\"w-fit min-w-(--thread-content-width)\" data-start=\"1333\" data-end=\"1774\">\n<thead data-start=\"1333\" data-end=\"1421\">\n<tr data-start=\"1333\" data-end=\"1421\">\n<th data-start=\"1333\" data-end=\"1347\" data-col-size=\"sm\"><\/th>\n<th data-start=\"1347\" data-end=\"1361\" data-col-size=\"sm\"><strong data-start=\"1349\" data-end=\"1360\">Lundi<\/strong><\/th>\n<th data-start=\"1361\" data-end=\"1375\" data-col-size=\"sm\"><strong data-start=\"1363\" data-end=\"1374\">Mardi<\/strong><\/th>\n<th data-start=\"1375\" data-end=\"1390\" data-col-size=\"md\"><strong data-start=\"1377\" data-end=\"1389\">Mercredi<\/strong><\/th>\n<th data-start=\"1390\" data-end=\"1406\" data-col-size=\"sm\"><strong data-start=\"1392\" data-end=\"1405\">Jeudi<\/strong><\/th>\n<th data-start=\"1406\" data-end=\"1421\" data-col-size=\"sm\"><strong data-start=\"1408\" data-end=\"1419\">Vendredi<\/strong><\/th>\n<\/tr>\n<\/thead>\n<tbody data-start=\"1513\" data-end=\"1774\">\n<tr data-start=\"1513\" data-end=\"1604\">\n<td data-start=\"1513\" data-end=\"1530\" data-col-size=\"sm\"><strong data-start=\"1515\" data-end=\"1529\">Matin<\/strong><\/td>\n<td data-col-size=\"sm\" data-start=\"1530\" data-end=\"1539\">Cours de ski<\/td>\n<td data-col-size=\"sm\" data-start=\"1539\" data-end=\"1554\">Cours sur piste<\/td>\n<td data-col-size=\"md\" data-start=\"1554\" data-end=\"1569\">Cours sur piste<\/td>\n<td data-col-size=\"sm\" data-start=\"1569\" data-end=\"1584\">Cours sur piste<\/td>\n<td data-col-size=\"sm\" data-start=\"1584\" data-end=\"1604\">Chute libre int\u00e9rieure<\/td>\n<\/tr>\n<tr data-start=\"1605\" data-end=\"1774\">\n<td data-start=\"1605\" data-end=\"1622\" data-col-size=\"sm\"><strong data-start=\"1607\" data-end=\"1619\">Apr\u00e8s-midi<\/strong><\/td>\n<td data-start=\"1622\" data-end=\"1637\" data-col-size=\"sm\">Cours de snowboard<\/td>\n<td data-col-size=\"sm\" data-start=\"1637\" data-end=\"1673\">Skydiving indoor + Kids Paintball<\/td>\n<td data-col-size=\"md\" data-start=\"1673\" data-end=\"1717\">Skydiving indoor + Snowtubing &amp; Snowgames<\/td>\n<td data-col-size=\"sm\" data-start=\"1717\" data-end=\"1732\">Cours sur piste<\/td>\n<td data-col-size=\"sm\" data-start=\"1732\" data-end=\"1774\">Cours sur piste \/ moment de choix + \u00e9valuation<\/td>\n<\/tr>\n<\/tbody>\n<\/table>\n<\/div>\n<\/div>\n<p data-start=\"1776\" data-end=\"1864\">\ud83d\udccb <em data-start=\"1779\" data-end=\"1864\">Le planning peut \u00eatre l\u00e9g\u00e8rement modifi\u00e9 en fonction de la disponibilit\u00e9 des activit\u00e9s.<\/em><\/p>\n[\/vc_column_text][\/vc_column][vc_column width=\u00a0\u00bb1\/2&Prime;]<style>.vcex-image.vcex_69d6ed4d71bd7 .vcex-image-inner{max-width:500px;}.vcex-image.vcex_69d6ed4d71bd7 .vcex-image-img{height:700px;}<\/style><figure class=\"vcex-image vcex-module wpex-text-center vcex_69d6ed4d71bd7\"><div class=\"vcex-image-inner wpex-relative wpex-inline-block\"><img width=\"794\" height=\"1024\" src=\"https:\/\/www.ice-mountain.com\/wp-content\/uploads\/2025\/11\/f8322877-a740-450f-a28c-fc363cb9b1d2.avif\" class=\"vcex-image-img wpex-align-middle wpex-object-cover\" alt=\"\" loading=\"lazy\" decoding=\"async\" \/><\/div><\/figure>[\/vc_column][\/vc_row][vc_row content_placement=\u00a0\u00bbmiddle\u00a0\u00bb equal_height=\u00a0\u00bbyes\u00a0\u00bb offset_overlay_header=\u00a0\u00bbyes\u00a0\u00bb typography_style=\u00a0\u00bbwhite\u00a0\u00bb][vc_column width=\u00a0\u00bb1\/2&Prime;]<style>.vcex-image.vcex_69d6ed4d7213b .vcex-image-inner{max-width:650px;}.vcex-image.vcex_69d6ed4d7213b .vcex-image-img{height:650px;}<\/style><figure class=\"vcex-image vcex-module vcex_69d6ed4d7213b\"><div class=\"vcex-image-inner wpex-relative wpex-inline-block\"><img width=\"1080\" height=\"1350\" src=\"https:\/\/www.ice-mountain.com\/wp-content\/uploads\/2025\/11\/10-1.avif\" class=\"vcex-image-img wpex-align-middle wpex-object-cover\" alt=\"\" loading=\"lazy\" decoding=\"async\" \/><\/div><\/figure>[\/vc_column][vc_column width=\u00a0\u00bb1\/2&Prime;][vc_column_text css=\u00a0\u00bb\u00a0\u00bb]\n<h3 data-start=\"1871\" data-end=\"1891\">\ud83d\udd58 Planning journalier<\/h3>\n<div class=\"_tableContainer_1rjym_1\">\n<div class=\"group _tableWrapper_1rjym_13 flex w-fit flex-col-reverse\" tabindex=\"-1\">\n<table class=\"w-fit min-w-(--thread-content-width)\" data-start=\"1893\" data-end=\"2103\">\n<thead data-start=\"1893\" data-end=\"1921\">\n<tr data-start=\"1893\" data-end=\"1921\">\n<th data-start=\"1893\" data-end=\"1903\" data-col-size=\"sm\"><strong data-start=\"1895\" data-end=\"1902\">Heure<\/strong><\/th>\n<th data-start=\"1903\" data-end=\"1921\" data-col-size=\"sm\"><strong data-start=\"1905\" data-end=\"1919\">Activit\u00e9<\/strong><\/th>\n<\/tr>\n<\/thead>\n<tbody data-start=\"1952\" data-end=\"2103\">\n<tr data-start=\"1952\" data-end=\"1988\">\n<td data-start=\"1952\" data-end=\"1968\" data-col-size=\"sm\">08h30 \u2013 09h00<\/td>\n<td data-col-size=\"sm\" data-start=\"1968\" data-end=\"1988\">Accueil et encadrement<\/td>\n<\/tr>\n<tr data-start=\"1989\" data-end=\"2019\">\n<td data-start=\"1989\" data-end=\"2005\" data-col-size=\"sm\">09h00 \u2013 12h00<\/td>\n<td data-col-size=\"sm\" data-start=\"2005\" data-end=\"2019\">Activit\u00e9<\/td>\n<\/tr>\n<tr data-start=\"2020\" data-end=\"2045\">\n<td data-start=\"2020\" data-end=\"2036\" data-col-size=\"sm\">12h00 \u2013 13h00<\/td>\n<td data-col-size=\"sm\" data-start=\"2036\" data-end=\"2045\">D\u00e9jeuner<\/td>\n<\/tr>\n<tr data-start=\"2046\" data-end=\"2076\">\n<td data-start=\"2046\" data-end=\"2062\" data-col-size=\"sm\">13h00 \u2013 16h00<\/td>\n<td data-col-size=\"sm\" data-start=\"2062\" data-end=\"2076\">Activit\u00e9<\/td>\n<\/tr>\n<tr data-start=\"2077\" data-end=\"2103\">\n<td data-start=\"2077\" data-end=\"2093\" data-col-size=\"sm\">16h00 \u2013 17h30<\/td>\n<td data-start=\"2093\" data-end=\"2103\" data-col-size=\"sm\">Encadrement<\/td>\n<\/tr>\n<\/tbody>\n<\/table>\n<\/div>\n<\/div>\n<hr data-start=\"2105\" data-end=\"2108\" \/>\n<h3 data-start=\"2110\" data-end=\"2132\">\ud83d\udc55 \u00c0 ne pas oublier<\/h3>\n<ul data-start=\"2134\" data-end=\"2253\">\n<li data-start=\"2134\" data-end=\"2183\">\n<p data-start=\"2136\" data-end=\"2183\">V\u00eatements chauds et gants pour la piste de ski<\/p>\n<\/li>\n<li data-start=\"2184\" data-end=\"2253\">\n<p data-start=\"2186\" data-end=\"2253\">V\u00eatements de sport et chaussures ferm\u00e9es pour les autres activit\u00e9s<\/p>\n<\/li>\n<\/ul>\n[\/vc_column_text][\/vc_column][\/vc_row][vc_row][vc_column]<div class=\"wpex-template-shortcode\"><div class=\"vc_row wpb_row vc_row-fluid cta-container wpex-relative\"><div class=\"wpb_column vc_column_container vc_col-sm-12\"><div class=\"vc_column-inner\"><div class=\"wpb_wrapper\"><div class=\"wpex-post-cards wpex-post-cards-post-content_1 wpex-relative\"><div class=\"wpex-post-cards-inner\"><\/div><\/div><\/div><\/div><\/div><\/div>\n<\/div>[\/vc_column][\/vc_row]\n<\/div>","protected":false},"excerpt":{"rendered":"Pour les vrais casse-cous ! C'est LE camp pour les enfants qui aiment l'action, l'aventure et la sensation de chute libre !En plus du ski ou snowboard, du Kids Paintball, du snowtubing et des Outdoor Games, votre enfant goutera au skydiving indoor et iras encore plus loin avec la Skydive Academy.L\u00e0, il aura deux fois&hellip;","protected":false},"author":1,"featured_media":0,"parent":1933,"menu_order":3,"comment_status":"closed","ping_status":"closed","template":"","meta":{"_acf_changed":false,"_analytify_skip_tracking":false,"footnotes":""},"class_list":["post-1848","page","type-page","status-publish","hentry","entry","no-media"],"acf":[],"_links":{"self":[{"href":"https:\/\/www.ice-mountain.com\/fr\/wp-json\/wp\/v2\/pages\/1848","targetHints":{"allow":["GET"]}}],"collection":[{"href":"https:\/\/www.ice-mountain.com\/fr\/wp-json\/wp\/v2\/pages"}],"about":[{"href":"https:\/\/www.ice-mountain.com\/fr\/wp-json\/wp\/v2\/types\/page"}],"author":[{"embeddable":true,"href":"https:\/\/www.ice-mountain.com\/fr\/wp-json\/wp\/v2\/users\/1"}],"replies":[{"embeddable":true,"href":"https:\/\/www.ice-mountain.com\/fr\/wp-json\/wp\/v2\/comments?post=1848"}],"version-history":[{"count":5,"href":"https:\/\/www.ice-mountain.com\/fr\/wp-json\/wp\/v2\/pages\/1848\/revisions"}],"predecessor-version":[{"id":3680,"href":"https:\/\/www.ice-mountain.com\/fr\/wp-json\/wp\/v2\/pages\/1848\/revisions\/3680"}],"up":[{"embeddable":true,"href":"https:\/\/www.ice-mountain.com\/fr\/wp-json\/wp\/v2\/pages\/1933"}],"wp:attachment":[{"href":"https:\/\/www.ice-mountain.com\/fr\/wp-json\/wp\/v2\/media?parent=1848"}],"curies":[{"name":"wp","href":"https:\/\/api.w.org\/{rel}","templated":true}]}}